{"id":107,"date":"2016-09-05T13:02:43","date_gmt":"2016-09-05T11:02:43","guid":{"rendered":"http:\/\/www.hetor.it\/site\/?page_id=107"},"modified":"2019-06-18T11:39:45","modified_gmt":"2019-06-18T09:39:45","slug":"hetor","status":"publish","type":"page","link":"http:\/\/www.hetor.it\/site\/il-progetto\/hetor\/","title":{"rendered":"Perch\u00e9 &#8220;Hetor&#8221;?"},"content":{"rendered":"<p>Il progetto che si basa sulla costruzione e l\u2019accessibilit\u00e0 della conoscenza sui beni culturali \u00e8 stato denominato <strong>Hetor<\/strong> (<em>cuore<\/em> in greco), termine legato al principio stesso della Verit\u00e0 cos\u00ec come concepita dai filosofi della scuola di Elea, oggi Velia.<\/p>\n<p><img loading=\"lazy\" decoding=\"async\" class=\"alignright size-medium wp-image-128\" src=\"http:\/\/www.hetor.it\/site\/wp-content\/uploads\/2016\/09\/testparm-218x300.gif\" alt=\"testparm\" width=\"218\" height=\"300\" \/>Parmenide nel suo poema <em>Sulla Natura<\/em> viene condotto davanti alla Dea che gli indicher\u00e0 le vie della conoscenza non prima per\u00f2 che la severa dea Giustizia lo lasci giungere al suo cospetto. Le parole della Dea indicano al filosofo che l\u2019unica via efficace \u00e8 la conoscenza del \u201ccuore che non trema, della verit\u00e0 ben rotonda\u201d da intraprendere con l\u2019ausilio della ragione (sentiero del giorno) mentre percezioni ed opinioni conducono verso l\u2019errore (sentiero della notte).<\/p>\n<p>In tal senso perci\u00f2 <em>Hetor<\/em> si presta a rappresentare lo scopo del progetto in quanto attributo di una \u201cverit\u00e0 rotonda\u201d, quindi perfetta e senza punti di debolezza in cui ogni elemento \u00e8 equidistante dal centro. Tale verit\u00e0 \u00e8 intesa, per\u00f2, come costruzione condivisa e partecipativa della conoscenza sul patrimonio culturale, una conoscenza che, come il cuore parmenideo, si faccia viva in quanto formata da apporti diversi e che abbia in s\u00e9 il germe della creazione di nuove realt\u00e0 positive.<\/p>\n","protected":false},"excerpt":{"rendered":"<div class=\"slide-text-bg2\">\n<h3>Il progetto che si basa sulla costruzione e l\u2019accessibilit\u00e0 della conoscenza sui beni culturali \u00e8 stato denominato Hetor (cuore in<\/h3>\n<\/div>\n<div class=\"flex-btn-div\"><a href=\"http:\/\/www.hetor.it\/site\/il-progetto\/hetor\/\" class=\"btn1 flex-btn\">Leggi tutto<\/a><\/div>\n","protected":false},"author":3,"featured_media":0,"parent":2943,"menu_order":0,"comment_status":"closed","ping_status":"closed","template":"","meta":{"_monsterinsights_skip_tracking":false,"_monsterinsights_sitenote_active":false,"_monsterinsights_sitenote_note":"","_monsterinsights_sitenote_category":0,"footnotes":""},"coauthors":[16],"yoast_head":"<!-- This site is optimized with the Yoast SEO plugin v23.0 - https:\/\/yoast.com\/wordpress\/plugins\/seo\/ -->\n<title>Perch\u00e9 &quot;Hetor&quot;? - Hetor<\/title>\n<meta name=\"description\" content=\"Il termine Hetor (cuore in greco) \u00e8 legato al principio stesso della Verit\u00e0 cos\u00ec come concepita dai filosofi della scuola di Elea, oggi Velia.\" \/>\n<meta name=\"robots\" content=\"index, follow, max-snippet:-1, max-image-preview:large, max-video-preview:-1\" \/>\n<link rel=\"canonical\" href=\"http:\/\/www.hetor.it\/site\/il-progetto\/hetor\/\" \/>\n<meta property=\"og:locale\" content=\"it_IT\" \/>\n<meta property=\"og:type\" content=\"article\" \/>\n<meta property=\"og:title\" content=\"Perch\u00e9 &quot;Hetor&quot;? - Hetor\" \/>\n<meta property=\"og:description\" content=\"Il termine Hetor (cuore in greco) \u00e8 legato al principio stesso della Verit\u00e0 cos\u00ec come concepita dai filosofi della scuola di Elea, oggi Velia.\" \/>\n<meta property=\"og:url\" content=\"http:\/\/www.hetor.it\/site\/il-progetto\/hetor\/\" \/>\n<meta property=\"og:site_name\" content=\"Hetor\" \/>\n<meta property=\"article:publisher\" content=\"https:\/\/www.facebook.com\/progettohetor\/\" \/>\n<meta property=\"article:modified_time\" content=\"2019-06-18T09:39:45+00:00\" \/>\n<meta property=\"og:image\" content=\"http:\/\/www.hetor.it\/site\/wp-content\/uploads\/2016\/09\/testparm-218x300.gif\" \/>\n<meta name=\"twitter:card\" content=\"summary_large_image\" \/>\n<meta name=\"twitter:label1\" content=\"Tempo di lettura stimato\" \/>\n\t<meta name=\"twitter:data1\" content=\"1 minuto\" \/>\n\t<meta name=\"twitter:label2\" content=\"Written by\" \/>\n\t<meta name=\"twitter:data2\" content=\"Luca Vicidomini\" \/>\n<script type=\"application\/ld+json\" class=\"yoast-schema-graph\">{\"@context\":\"https:\/\/schema.org\",\"@graph\":[{\"@type\":\"WebPage\",\"@id\":\"http:\/\/www.hetor.it\/site\/il-progetto\/hetor\/\",\"url\":\"http:\/\/www.hetor.it\/site\/il-progetto\/hetor\/\",\"name\":\"Perch\u00e9 \\\"Hetor\\\"? - Hetor\",\"isPartOf\":{\"@id\":\"http:\/\/www.hetor.it\/site\/#website\"},\"primaryImageOfPage\":{\"@id\":\"http:\/\/www.hetor.it\/site\/il-progetto\/hetor\/#primaryimage\"},\"image\":{\"@id\":\"http:\/\/www.hetor.it\/site\/il-progetto\/hetor\/#primaryimage\"},\"thumbnailUrl\":\"http:\/\/www.hetor.it\/site\/wp-content\/uploads\/2016\/09\/testparm-218x300.gif\",\"datePublished\":\"2016-09-05T11:02:43+00:00\",\"dateModified\":\"2019-06-18T09:39:45+00:00\",\"description\":\"Il termine Hetor (cuore in greco) \u00e8 legato al principio stesso della Verit\u00e0 cos\u00ec come concepita dai filosofi della scuola di Elea, oggi Velia.\",\"breadcrumb\":{\"@id\":\"http:\/\/www.hetor.it\/site\/il-progetto\/hetor\/#breadcrumb\"},\"inLanguage\":\"it-IT\",\"potentialAction\":[{\"@type\":\"ReadAction\",\"target\":[\"http:\/\/www.hetor.it\/site\/il-progetto\/hetor\/\"]}]},{\"@type\":\"ImageObject\",\"inLanguage\":\"it-IT\",\"@id\":\"http:\/\/www.hetor.it\/site\/il-progetto\/hetor\/#primaryimage\",\"url\":\"http:\/\/www.hetor.it\/site\/wp-content\/uploads\/2016\/09\/testparm.gif\",\"contentUrl\":\"http:\/\/www.hetor.it\/site\/wp-content\/uploads\/2016\/09\/testparm.gif\",\"width\":244,\"height\":336},{\"@type\":\"BreadcrumbList\",\"@id\":\"http:\/\/www.hetor.it\/site\/il-progetto\/hetor\/#breadcrumb\",\"itemListElement\":[{\"@type\":\"ListItem\",\"position\":1,\"name\":\"Home\",\"item\":\"http:\/\/www.hetor.it\/site\/\"},{\"@type\":\"ListItem\",\"position\":2,\"name\":\"Il progetto\",\"item\":\"http:\/\/www.hetor.it\/site\/il-progetto\/\"},{\"@type\":\"ListItem\",\"position\":3,\"name\":\"Perch\u00e9 &#8220;Hetor&#8221;?\"}]},{\"@type\":\"WebSite\",\"@id\":\"http:\/\/www.hetor.it\/site\/#website\",\"url\":\"http:\/\/www.hetor.it\/site\/\",\"name\":\"Hetor\",\"description\":\"La Campania da riscoprire\",\"publisher\":{\"@id\":\"http:\/\/www.hetor.it\/site\/#organization\"},\"potentialAction\":[{\"@type\":\"SearchAction\",\"target\":{\"@type\":\"EntryPoint\",\"urlTemplate\":\"http:\/\/www.hetor.it\/site\/?s={search_term_string}\"},\"query-input\":\"required name=search_term_string\"}],\"inLanguage\":\"it-IT\"},{\"@type\":\"Organization\",\"@id\":\"http:\/\/www.hetor.it\/site\/#organization\",\"name\":\"Hetor\",\"url\":\"http:\/\/www.hetor.it\/site\/\",\"logo\":{\"@type\":\"ImageObject\",\"inLanguage\":\"it-IT\",\"@id\":\"http:\/\/www.hetor.it\/site\/#\/schema\/logo\/image\/\",\"url\":\"http:\/\/www.hetor.it\/site\/wp-content\/uploads\/2016\/11\/hetor-logo-small.jpg\",\"contentUrl\":\"http:\/\/www.hetor.it\/site\/wp-content\/uploads\/2016\/11\/hetor-logo-small.jpg\",\"width\":200,\"height\":200,\"caption\":\"Hetor\"},\"image\":{\"@id\":\"http:\/\/www.hetor.it\/site\/#\/schema\/logo\/image\/\"},\"sameAs\":[\"https:\/\/www.facebook.com\/progettohetor\/\",\"https:\/\/www.instagram.com\/progetto_hetor\/\"]}]}<\/script>\n<!-- \/ Yoast SEO plugin. -->","yoast_head_json":{"title":"Perch\u00e9 \"Hetor\"? - Hetor","description":"Il termine Hetor (cuore in greco) \u00e8 legato al principio stesso della Verit\u00e0 cos\u00ec come concepita dai filosofi della scuola di Elea, oggi Velia.","robots":{"index":"index","follow":"follow","max-snippet":"max-snippet:-1","max-image-preview":"max-image-preview:large","max-video-preview":"max-video-preview:-1"},"canonical":"http:\/\/www.hetor.it\/site\/il-progetto\/hetor\/","og_locale":"it_IT","og_type":"article","og_title":"Perch\u00e9 \"Hetor\"? - Hetor","og_description":"Il termine Hetor (cuore in greco) \u00e8 legato al principio stesso della Verit\u00e0 cos\u00ec come concepita dai filosofi della scuola di Elea, oggi Velia.","og_url":"http:\/\/www.hetor.it\/site\/il-progetto\/hetor\/","og_site_name":"Hetor","article_publisher":"https:\/\/www.facebook.com\/progettohetor\/","article_modified_time":"2019-06-18T09:39:45+00:00","og_image":[{"url":"http:\/\/www.hetor.it\/site\/wp-content\/uploads\/2016\/09\/testparm-218x300.gif"}],"twitter_card":"summary_large_image","twitter_misc":{"Tempo di lettura stimato":"1 minuto","Written by":"Luca Vicidomini"},"schema":{"@context":"https:\/\/schema.org","@graph":[{"@type":"WebPage","@id":"http:\/\/www.hetor.it\/site\/il-progetto\/hetor\/","url":"http:\/\/www.hetor.it\/site\/il-progetto\/hetor\/","name":"Perch\u00e9 \"Hetor\"? - Hetor","isPartOf":{"@id":"http:\/\/www.hetor.it\/site\/#website"},"primaryImageOfPage":{"@id":"http:\/\/www.hetor.it\/site\/il-progetto\/hetor\/#primaryimage"},"image":{"@id":"http:\/\/www.hetor.it\/site\/il-progetto\/hetor\/#primaryimage"},"thumbnailUrl":"http:\/\/www.hetor.it\/site\/wp-content\/uploads\/2016\/09\/testparm-218x300.gif","datePublished":"2016-09-05T11:02:43+00:00","dateModified":"2019-06-18T09:39:45+00:00","description":"Il termine Hetor (cuore in greco) \u00e8 legato al principio stesso della Verit\u00e0 cos\u00ec come concepita dai filosofi della scuola di Elea, oggi Velia.","breadcrumb":{"@id":"http:\/\/www.hetor.it\/site\/il-progetto\/hetor\/#breadcrumb"},"inLanguage":"it-IT","potentialAction":[{"@type":"ReadAction","target":["http:\/\/www.hetor.it\/site\/il-progetto\/hetor\/"]}]},{"@type":"ImageObject","inLanguage":"it-IT","@id":"http:\/\/www.hetor.it\/site\/il-progetto\/hetor\/#primaryimage","url":"http:\/\/www.hetor.it\/site\/wp-content\/uploads\/2016\/09\/testparm.gif","contentUrl":"http:\/\/www.hetor.it\/site\/wp-content\/uploads\/2016\/09\/testparm.gif","width":244,"height":336},{"@type":"BreadcrumbList","@id":"http:\/\/www.hetor.it\/site\/il-progetto\/hetor\/#breadcrumb","itemListElement":[{"@type":"ListItem","position":1,"name":"Home","item":"http:\/\/www.hetor.it\/site\/"},{"@type":"ListItem","position":2,"name":"Il progetto","item":"http:\/\/www.hetor.it\/site\/il-progetto\/"},{"@type":"ListItem","position":3,"name":"Perch\u00e9 &#8220;Hetor&#8221;?"}]},{"@type":"WebSite","@id":"http:\/\/www.hetor.it\/site\/#website","url":"http:\/\/www.hetor.it\/site\/","name":"Hetor","description":"La Campania da riscoprire","publisher":{"@id":"http:\/\/www.hetor.it\/site\/#organization"},"potentialAction":[{"@type":"SearchAction","target":{"@type":"EntryPoint","urlTemplate":"http:\/\/www.hetor.it\/site\/?s={search_term_string}"},"query-input":"required name=search_term_string"}],"inLanguage":"it-IT"},{"@type":"Organization","@id":"http:\/\/www.hetor.it\/site\/#organization","name":"Hetor","url":"http:\/\/www.hetor.it\/site\/","logo":{"@type":"ImageObject","inLanguage":"it-IT","@id":"http:\/\/www.hetor.it\/site\/#\/schema\/logo\/image\/","url":"http:\/\/www.hetor.it\/site\/wp-content\/uploads\/2016\/11\/hetor-logo-small.jpg","contentUrl":"http:\/\/www.hetor.it\/site\/wp-content\/uploads\/2016\/11\/hetor-logo-small.jpg","width":200,"height":200,"caption":"Hetor"},"image":{"@id":"http:\/\/www.hetor.it\/site\/#\/schema\/logo\/image\/"},"sameAs":["https:\/\/www.facebook.com\/progettohetor\/","https:\/\/www.instagram.com\/progetto_hetor\/"]}]}},"_links":{"self":[{"href":"http:\/\/www.hetor.it\/site\/wp-json\/wp\/v2\/pages\/107"}],"collection":[{"href":"http:\/\/www.hetor.it\/site\/wp-json\/wp\/v2\/pages"}],"about":[{"href":"http:\/\/www.hetor.it\/site\/wp-json\/wp\/v2\/types\/page"}],"author":[{"embeddable":true,"href":"http:\/\/www.hetor.it\/site\/wp-json\/wp\/v2\/users\/3"}],"replies":[{"embeddable":true,"href":"http:\/\/www.hetor.it\/site\/wp-json\/wp\/v2\/comments?post=107"}],"version-history":[{"count":4,"href":"http:\/\/www.hetor.it\/site\/wp-json\/wp\/v2\/pages\/107\/revisions"}],"predecessor-version":[{"id":131,"href":"http:\/\/www.hetor.it\/site\/wp-json\/wp\/v2\/pages\/107\/revisions\/131"}],"up":[{"embeddable":true,"href":"http:\/\/www.hetor.it\/site\/wp-json\/wp\/v2\/pages\/2943"}],"wp:attachment":[{"href":"http:\/\/www.hetor.it\/site\/wp-json\/wp\/v2\/media?parent=107"}],"wp:term":[{"taxonomy":"author","embeddable":true,"href":"http:\/\/www.hetor.it\/site\/wp-json\/wp\/v2\/coauthors?post=107"}],"curies":[{"name":"wp","href":"https:\/\/api.w.org\/{rel}","templated":true}]}}