{"id":2990,"date":"2019-06-18T09:40:59","date_gmt":"2019-06-18T07:40:59","guid":{"rendered":"http:\/\/www.hetor.it\/site\/?page_id=2990"},"modified":"2019-06-18T09:51:54","modified_gmt":"2019-06-18T07:51:54","slug":"chi-siamo","status":"publish","type":"page","link":"http:\/\/www.hetor.it\/site\/chi-siamo\/","title":{"rendered":"Chi siamo"},"content":{"rendered":"<h1 style=\"text-align: center;\">Il nostro team<\/h1>\n<p>&nbsp;<\/p>\n<table class=\"wp-list-table widefat fixed striped posts\">\n<tbody id=\"the-list\">\n<tr id=\"post-2992\" class=\"iedit author-self level-0 post-2992 type-tmm status-publish hentry\">\n<td class=\"dk_shortcode column-dk_shortcode\" data-colname=\"Shortcode\"><div class=\"tmm tmm_chi-siamo\"><div class=\"tmm_1_columns tmm_wrap tmm_theme_f\"><span class=\"tmm_two_containers_tablet\"><\/span><div class=\"tmm_container\"><div class=\"tmm_member\" style=\"border-top:#333333 solid 5px;\"><div class=\"tmm_photo tmm_pic_chi-siamo_0\" style=\"background: url(http:\/\/www.hetor.it\/site\/wp-content\/uploads\/2019\/06\/prof.png); margin-left: auto; margin-right:auto; background-size:cover !important;\"><\/div><div class=\"tmm_textblock\"><div class=\"tmm_names\"><span class=\"tmm_fname\">Vittorio<\/span> <span class=\"tmm_lname\">Scarano<\/span><\/div><div class=\"tmm_job\">Professore Associato<\/div><div class=\"tmm_desc\" style=\"text-align:center\"><p>Vittorio Scarano \u00e8 professore ordinario di Informatica presso il Dipartimento di Informatica dell'Universit\u00e0 di Salerno. Co-dirige il laboratorio ISISLab che si occupa di sistemi distribuiti, realt\u00e0 virtuale\/aumentata e Open Data, e ha coordinato il progetto europeo H2020 ROUTE-TO-PA nel campo della trasparenza delle Pubbliche Amministrazioni con gli Open Data.&nbsp;<\/p><\/div><div class=\"tmm_scblock\"><a target=\"_blank\" class=\"tmm_sociallink\" href=\"https:\/\/www.linkedin.com\/in\/vitsca\/\" title=\"Linkedin\"><img decoding=\"async\" alt=\"Linkedin\" src=\"http:\/\/www.hetor.it\/site\/wp-content\/plugins\/team-members\/inc\/img\/links\/linkedin.png\"\/><\/a><a target=\"_blank\" class=\"tmm_sociallink\" href=\"https:\/\/docenti.unisa.it\/001717\/home\" title=\"Unisa\"><img decoding=\"async\" alt=\"Unisa\" src=\"http:\/\/www.hetor.it\/site\/wp-content\/plugins\/team-members\/inc\/img\/links\/customlink.png\"\/><\/a><\/div><\/div><\/div><\/div><span class=\"tmm_columns_containers_desktop\"><\/span><div class=\"tmm_container\"><div class=\"tmm_member\" style=\"border-top:#333333 solid 5px;\"><div class=\"tmm_photo tmm_pic_chi-siamo_1\" style=\"background: url(http:\/\/www.hetor.it\/site\/wp-content\/uploads\/2019\/06\/gianluca.png); margin-left: auto; margin-right:auto; background-size:cover !important;\"><\/div><div class=\"tmm_textblock\"><div class=\"tmm_names\"><span class=\"tmm_fname\">Gianluca<\/span> <span class=\"tmm_lname\">Santangelo<\/span><\/div><div class=\"tmm_job\">Assegnista di ricerca<\/div><div class=\"tmm_desc\" style=\"text-align:center\"><p>Ph.D. in Archeologia Medievale presso Universit\u00e0 degli Studi dell'Aquila, lavora da oltre dieci anni come responsabile di cantiere per conto degli uffici territoriali del MIBACT in Campania e Basilicata e come consulente di enti locali per la valorizzazione dei BBCC. Esperto di Open Data per il Patrimonio Culturale.<\/p><\/div><div class=\"tmm_scblock\"><a target=\"_blank\" class=\"tmm_sociallink\" href=\"https:\/\/www.linkedin.com\/in\/gianluca-santangelo-84949180\/\" title=\"Linkedin\"><img decoding=\"async\" alt=\"Linkedin\" src=\"http:\/\/www.hetor.it\/site\/wp-content\/plugins\/team-members\/inc\/img\/links\/linkedin.png\"\/><\/a><\/div><\/div><\/div><span class=\"tmm_two_containers_tablet\"><\/span><\/div><span class=\"tmm_columns_containers_desktop\"><\/span><div class=\"tmm_container\"><div class=\"tmm_member\" style=\"border-top:#333333 solid 5px;\"><div class=\"tmm_photo tmm_pic_chi-siamo_2\" style=\"background: url(http:\/\/www.hetor.it\/site\/wp-content\/uploads\/2019\/06\/foto-cv-nuova.jpeg); margin-left: auto; margin-right:auto; background-size:cover !important;\"><\/div><div class=\"tmm_textblock\"><div class=\"tmm_names\"><span class=\"tmm_fname\">Vanja<\/span> <span class=\"tmm_lname\">Annunziata<\/span><\/div><div class=\"tmm_job\">Borsista di ricerca<\/div><div class=\"tmm_desc\" style=\"text-align:center\"><p>Laureata in Discipline delle Arti Visive, della Musica e dello Spettacolo presso L'Universit\u00e0 degli Studi di Salerno. Borsista presso ISISLab all'Universit\u00e0 degli Studi di Salerno. Social Media Manager e gestore delle attivit\u00e0 del Progetto Hetor. Open Data specialist.<\/p><\/div><div class=\"tmm_scblock\"><a target=\"_blank\" class=\"tmm_sociallink\" href=\"https:\/\/www.linkedin.com\/in\/vanja-annunziata\/\" title=\"Linkedin\"><img decoding=\"async\" alt=\"Linkedin\" src=\"http:\/\/www.hetor.it\/site\/wp-content\/plugins\/team-members\/inc\/img\/links\/linkedin.png\"\/><\/a><\/div><\/div><\/div><\/div><span class=\"tmm_columns_containers_desktop\"><\/span><div class=\"tmm_container\"><div class=\"tmm_member\" style=\"border-top:#333333 solid 5px;\"><div class=\"tmm_photo tmm_pic_chi-siamo_3\" style=\"background: url(http:\/\/www.hetor.it\/site\/wp-content\/uploads\/2019\/06\/48390230_10216085464266159_2960650016605077504_o.jpg); margin-left: auto; margin-right:auto; background-size:cover !important;\"><\/div><div class=\"tmm_textblock\"><div class=\"tmm_names\"><span class=\"tmm_fname\">Maria Anna<\/span> <span class=\"tmm_lname\">Ambrosino<\/span><\/div><div class=\"tmm_job\">Borsista di ricerca<\/div><div class=\"tmm_desc\" style=\"text-align:center\"><p>Laureata in Storia e Critica d'arte presso l'Universit\u00e0 degli Studi di Salerno. Borsista presso ISISLab all'Universit\u00e0 degli Studi di Salerno. Social Media Manager e gestore delle attivit\u00e0 del Progetto Hetor. Open Data specialist.<\/p><\/div><div class=\"tmm_scblock\"><a target=\"_blank\" class=\"tmm_sociallink\" href=\"https:\/\/www.linkedin.com\/in\/maria-anna-ambrosino\/\" title=\"Linkedin\"><img decoding=\"async\" alt=\"Linkedin\" src=\"http:\/\/www.hetor.it\/site\/wp-content\/plugins\/team-members\/inc\/img\/links\/linkedin.png\"\/><\/a><\/div><\/div><\/div><span class=\"tmm_two_containers_tablet\"><\/span><\/div><span class=\"tmm_columns_containers_desktop\"><\/span><div class=\"tmm_container\"><div class=\"tmm_member\" style=\"border-top:#333333 solid 5px;\"><div class=\"tmm_photo tmm_pic_chi-siamo_4\" style=\"background: url(http:\/\/www.hetor.it\/site\/wp-content\/uploads\/2019\/06\/Carmen_Luciano.jpg); margin-left: auto; margin-right:auto; background-size:cover !important;\"><\/div><div class=\"tmm_textblock\"><div class=\"tmm_names\"><span class=\"tmm_fname\">Carmela<\/span> <span class=\"tmm_lname\">Luciano<\/span><\/div><div class=\"tmm_job\">Borsista di ricerca<\/div><div class=\"tmm_desc\" style=\"text-align:center\"><p>Laureata in Lingue e Letterature Moderne presso l'Universit\u00e0 degli Studi di Salerno. Borsista presso ISISLab all'Universit\u00e0 degli Studi di Salerno. Social Media Manager, Open Data Specialist e gestore delle attivit\u00e0 del Progetto Hetor.<\/p><\/div><div class=\"tmm_scblock\"><a target=\"_blank\" class=\"tmm_sociallink\" href=\"https:\/\/www.linkedin.com\/in\/carmela-luciano\/\" title=\"Linkedin\"><img decoding=\"async\" alt=\"Linkedin\" src=\"http:\/\/www.hetor.it\/site\/wp-content\/plugins\/team-members\/inc\/img\/links\/linkedin.png\"\/><\/a><\/div><\/div><\/div><div style=\"clear:both;\"><\/div><\/div><\/div><\/div><\/td>\n<\/tr>\n<\/tbody>\n<tfoot>\n<tr>\n<td class=\"manage-column column-cb check-column\"><\/td>\n<\/tr>\n<\/tfoot>\n<\/table>\n","protected":false},"excerpt":{"rendered":"<div class=\"slide-text-bg2\">\n<h3>Il nostro team &nbsp;<\/h3>\n<\/div>\n<div class=\"flex-btn-div\"><a href=\"http:\/\/www.hetor.it\/site\/tmm\/chi-siamo\/\" class=\"btn1 flex-btn\">Leggi tutto<\/a><\/div>\n","protected":false},"author":9,"featured_media":0,"parent":0,"menu_order":0,"comment_status":"closed","ping_status":"closed","template":"","meta":{"_monsterinsights_skip_tracking":false,"_monsterinsights_sitenote_active":false,"_monsterinsights_sitenote_note":"","_monsterinsights_sitenote_category":0,"footnotes":""},"coauthors":[7],"yoast_head":"<!-- This site is optimized with the Yoast SEO plugin v23.0 - https:\/\/yoast.com\/wordpress\/plugins\/seo\/ -->\n<title>Chi siamo - Hetor<\/title>\n<meta name=\"robots\" content=\"index, follow, max-snippet:-1, max-image-preview:large, max-video-preview:-1\" \/>\n<link rel=\"canonical\" href=\"http:\/\/www.hetor.it\/site\/chi-siamo\/\" \/>\n<meta property=\"og:locale\" content=\"it_IT\" \/>\n<meta property=\"og:type\" content=\"article\" \/>\n<meta property=\"og:title\" content=\"Chi siamo - Hetor\" \/>\n<meta property=\"og:description\" content=\"Il nostro team &nbsp;Leggi tutto\" \/>\n<meta property=\"og:url\" content=\"http:\/\/www.hetor.it\/site\/chi-siamo\/\" \/>\n<meta property=\"og:site_name\" content=\"Hetor\" \/>\n<meta property=\"article:publisher\" content=\"https:\/\/www.facebook.com\/progettohetor\/\" \/>\n<meta property=\"article:modified_time\" content=\"2019-06-18T07:51:54+00:00\" \/>\n<meta name=\"twitter:card\" content=\"summary_large_image\" \/>\n<meta name=\"twitter:label1\" content=\"Written by\" \/>\n\t<meta name=\"twitter:data1\" content=\"Vanja Annunziata\" \/>\n<script type=\"application\/ld+json\" class=\"yoast-schema-graph\">{\"@context\":\"https:\/\/schema.org\",\"@graph\":[{\"@type\":\"WebPage\",\"@id\":\"http:\/\/www.hetor.it\/site\/chi-siamo\/\",\"url\":\"http:\/\/www.hetor.it\/site\/chi-siamo\/\",\"name\":\"Chi siamo - Hetor\",\"isPartOf\":{\"@id\":\"http:\/\/www.hetor.it\/site\/#website\"},\"datePublished\":\"2019-06-18T07:40:59+00:00\",\"dateModified\":\"2019-06-18T07:51:54+00:00\",\"breadcrumb\":{\"@id\":\"http:\/\/www.hetor.it\/site\/chi-siamo\/#breadcrumb\"},\"inLanguage\":\"it-IT\",\"potentialAction\":[{\"@type\":\"ReadAction\",\"target\":[\"http:\/\/www.hetor.it\/site\/chi-siamo\/\"]}]},{\"@type\":\"BreadcrumbList\",\"@id\":\"http:\/\/www.hetor.it\/site\/chi-siamo\/#breadcrumb\",\"itemListElement\":[{\"@type\":\"ListItem\",\"position\":1,\"name\":\"Home\",\"item\":\"http:\/\/www.hetor.it\/site\/\"},{\"@type\":\"ListItem\",\"position\":2,\"name\":\"Chi siamo\"}]},{\"@type\":\"WebSite\",\"@id\":\"http:\/\/www.hetor.it\/site\/#website\",\"url\":\"http:\/\/www.hetor.it\/site\/\",\"name\":\"Hetor\",\"description\":\"La Campania da riscoprire\",\"publisher\":{\"@id\":\"http:\/\/www.hetor.it\/site\/#organization\"},\"potentialAction\":[{\"@type\":\"SearchAction\",\"target\":{\"@type\":\"EntryPoint\",\"urlTemplate\":\"http:\/\/www.hetor.it\/site\/?s={search_term_string}\"},\"query-input\":\"required name=search_term_string\"}],\"inLanguage\":\"it-IT\"},{\"@type\":\"Organization\",\"@id\":\"http:\/\/www.hetor.it\/site\/#organization\",\"name\":\"Hetor\",\"url\":\"http:\/\/www.hetor.it\/site\/\",\"logo\":{\"@type\":\"ImageObject\",\"inLanguage\":\"it-IT\",\"@id\":\"http:\/\/www.hetor.it\/site\/#\/schema\/logo\/image\/\",\"url\":\"http:\/\/www.hetor.it\/site\/wp-content\/uploads\/2016\/11\/hetor-logo-small.jpg\",\"contentUrl\":\"http:\/\/www.hetor.it\/site\/wp-content\/uploads\/2016\/11\/hetor-logo-small.jpg\",\"width\":200,\"height\":200,\"caption\":\"Hetor\"},\"image\":{\"@id\":\"http:\/\/www.hetor.it\/site\/#\/schema\/logo\/image\/\"},\"sameAs\":[\"https:\/\/www.facebook.com\/progettohetor\/\",\"https:\/\/www.instagram.com\/progetto_hetor\/\"]}]}<\/script>\n<!-- \/ Yoast SEO plugin. -->","yoast_head_json":{"title":"Chi siamo - Hetor","robots":{"index":"index","follow":"follow","max-snippet":"max-snippet:-1","max-image-preview":"max-image-preview:large","max-video-preview":"max-video-preview:-1"},"canonical":"http:\/\/www.hetor.it\/site\/chi-siamo\/","og_locale":"it_IT","og_type":"article","og_title":"Chi siamo - Hetor","og_description":"Il nostro team &nbsp;Leggi tutto","og_url":"http:\/\/www.hetor.it\/site\/chi-siamo\/","og_site_name":"Hetor","article_publisher":"https:\/\/www.facebook.com\/progettohetor\/","article_modified_time":"2019-06-18T07:51:54+00:00","twitter_card":"summary_large_image","twitter_misc":{"Written by":"Vanja Annunziata"},"schema":{"@context":"https:\/\/schema.org","@graph":[{"@type":"WebPage","@id":"http:\/\/www.hetor.it\/site\/chi-siamo\/","url":"http:\/\/www.hetor.it\/site\/chi-siamo\/","name":"Chi siamo - Hetor","isPartOf":{"@id":"http:\/\/www.hetor.it\/site\/#website"},"datePublished":"2019-06-18T07:40:59+00:00","dateModified":"2019-06-18T07:51:54+00:00","breadcrumb":{"@id":"http:\/\/www.hetor.it\/site\/chi-siamo\/#breadcrumb"},"inLanguage":"it-IT","potentialAction":[{"@type":"ReadAction","target":["http:\/\/www.hetor.it\/site\/chi-siamo\/"]}]},{"@type":"BreadcrumbList","@id":"http:\/\/www.hetor.it\/site\/chi-siamo\/#breadcrumb","itemListElement":[{"@type":"ListItem","position":1,"name":"Home","item":"http:\/\/www.hetor.it\/site\/"},{"@type":"ListItem","position":2,"name":"Chi siamo"}]},{"@type":"WebSite","@id":"http:\/\/www.hetor.it\/site\/#website","url":"http:\/\/www.hetor.it\/site\/","name":"Hetor","description":"La Campania da riscoprire","publisher":{"@id":"http:\/\/www.hetor.it\/site\/#organization"},"potentialAction":[{"@type":"SearchAction","target":{"@type":"EntryPoint","urlTemplate":"http:\/\/www.hetor.it\/site\/?s={search_term_string}"},"query-input":"required name=search_term_string"}],"inLanguage":"it-IT"},{"@type":"Organization","@id":"http:\/\/www.hetor.it\/site\/#organization","name":"Hetor","url":"http:\/\/www.hetor.it\/site\/","logo":{"@type":"ImageObject","inLanguage":"it-IT","@id":"http:\/\/www.hetor.it\/site\/#\/schema\/logo\/image\/","url":"http:\/\/www.hetor.it\/site\/wp-content\/uploads\/2016\/11\/hetor-logo-small.jpg","contentUrl":"http:\/\/www.hetor.it\/site\/wp-content\/uploads\/2016\/11\/hetor-logo-small.jpg","width":200,"height":200,"caption":"Hetor"},"image":{"@id":"http:\/\/www.hetor.it\/site\/#\/schema\/logo\/image\/"},"sameAs":["https:\/\/www.facebook.com\/progettohetor\/","https:\/\/www.instagram.com\/progetto_hetor\/"]}]}},"_links":{"self":[{"href":"http:\/\/www.hetor.it\/site\/wp-json\/wp\/v2\/pages\/2990"}],"collection":[{"href":"http:\/\/www.hetor.it\/site\/wp-json\/wp\/v2\/pages"}],"about":[{"href":"http:\/\/www.hetor.it\/site\/wp-json\/wp\/v2\/types\/page"}],"author":[{"embeddable":true,"href":"http:\/\/www.hetor.it\/site\/wp-json\/wp\/v2\/users\/9"}],"replies":[{"embeddable":true,"href":"http:\/\/www.hetor.it\/site\/wp-json\/wp\/v2\/comments?post=2990"}],"version-history":[{"count":4,"href":"http:\/\/www.hetor.it\/site\/wp-json\/wp\/v2\/pages\/2990\/revisions"}],"predecessor-version":[{"id":2998,"href":"http:\/\/www.hetor.it\/site\/wp-json\/wp\/v2\/pages\/2990\/revisions\/2998"}],"wp:attachment":[{"href":"http:\/\/www.hetor.it\/site\/wp-json\/wp\/v2\/media?parent=2990"}],"wp:term":[{"taxonomy":"author","embeddable":true,"href":"http:\/\/www.hetor.it\/site\/wp-json\/wp\/v2\/coauthors?post=2990"}],"curies":[{"name":"wp","href":"https:\/\/api.w.org\/{rel}","templated":true}]}}